{"id":1807,"date":"2023-07-11T14:00:18","date_gmt":"2023-07-11T14:00:18","guid":{"rendered":"https:\/\/www.hoteconception.com\/?page_id=1807"},"modified":"2023-07-12T08:51:26","modified_gmt":"2023-07-12T08:51:26","slug":"saisonniers","status":"publish","type":"page","link":"https:\/\/hoteconception.com\/?page_id=1807","title":{"rendered":"Saisonniers"},"content":{"rendered":"\t\t<div data-elementor-type=\"wp-page\" data-elementor-id=\"1807\" class=\"elementor elementor-1807\">\n\t\t\t\t\t\t<section class=\"elementor-section elementor-top-section elementor-element elementor-element-a41e2b2 elementor-section-full_width elementor-section-height-default elementor-section-height-default\" data-id=\"a41e2b2\" data-element_type=\"section\" data-e-type=\"section\">\n\t\t\t\t\t\t<div class=\"elementor-container elementor-column-gap-no\">\n\t\t\t\t\t<div class=\"elementor-column elementor-col-100 elementor-top-column elementor-element elementor-element-97c067e\" data-id=\"97c067e\" data-element_type=\"column\" data-e-type=\"column\">\n\t\t\t<div class=\"elementor-widget-wrap elementor-element-populated\">\n\t\t\t\t\t\t<div class=\"elementor-element elementor-element-4f6d00e elementor-widget elementor-widget-larson-intro\" data-id=\"4f6d00e\" data-element_type=\"widget\" data-e-type=\"widget\" data-widget_type=\"larson-intro.default\">\n\t\t\t\t<div class=\"elementor-widget-container\">\n\t\t\t\t\t\n\t\t<article class=\"article\">\n\t        <header class=\"article__header\">\n\t          <div class=\"container\">\n\t            \t            <h1 class=\"article__heading heading heading--size-large\">\n\t            \t<span >\n\t\t\t\t\t\tS<span class=\"color-yellow\">AISONNIERS<\/span>\t\t\t\t\t<\/span>\n\t            <\/h1>\n\t            \t            \t          <\/div>\n\t        <\/header>\n\t        \t    <\/article>\n\n\t\t\t\t\t\t<\/div>\n\t\t\t\t<\/div>\n\t\t\t\t\t<\/div>\n\t\t<\/div>\n\t\t\t\t\t<\/div>\n\t\t<\/section>\n\t\t\t\t<section class=\"elementor-section elementor-top-section elementor-element elementor-element-fe0fc59 elementor-section-boxed elementor-section-height-default elementor-section-height-default\" data-id=\"fe0fc59\" data-element_type=\"section\" data-e-type=\"section\">\n\t\t\t\t\t\t<div class=\"elementor-container elementor-column-gap-default\">\n\t\t\t\t\t<div class=\"elementor-column elementor-col-50 elementor-top-column elementor-element elementor-element-a9d1bda\" data-id=\"a9d1bda\" data-element_type=\"column\" data-e-type=\"column\">\n\t\t\t<div class=\"elementor-widget-wrap elementor-element-populated\">\n\t\t\t\t\t\t<div class=\"elementor-element elementor-element-8a3e5a6 elementor-widget elementor-widget-image\" data-id=\"8a3e5a6\" data-element_type=\"widget\" data-e-type=\"widget\" data-widget_type=\"image.default\">\n\t\t\t\t<div class=\"elementor-widget-container\">\n\t\t\t\t\t\t\t\t\t\t\t\t\t\t\t<img fetchpriority=\"high\" decoding=\"async\" width=\"679\" height=\"1024\" src=\"https:\/\/hoteconception.com\/wp-content\/uploads\/2023\/07\/Saisonniers-679x1024.jpg\" class=\"attachment-large size-large wp-image-1809\" alt=\"March\u00e9 des saisonniers\" srcset=\"https:\/\/hoteconception.com\/wp-content\/uploads\/2023\/07\/Saisonniers-679x1024.jpg 679w, https:\/\/hoteconception.com\/wp-content\/uploads\/2023\/07\/Saisonniers-199x300.jpg 199w, https:\/\/hoteconception.com\/wp-content\/uploads\/2023\/07\/Saisonniers-768x1157.jpg 768w, https:\/\/hoteconception.com\/wp-content\/uploads\/2023\/07\/Saisonniers-1019x1536.jpg 1019w, https:\/\/hoteconception.com\/wp-content\/uploads\/2023\/07\/Saisonniers-900x1356.jpg 900w, https:\/\/hoteconception.com\/wp-content\/uploads\/2023\/07\/Saisonniers.jpg 1274w\" sizes=\"(max-width: 679px) 100vw, 679px\" \/>\t\t\t\t\t\t\t\t\t\t\t\t\t\t\t<\/div>\n\t\t\t\t<\/div>\n\t\t\t\t\t<\/div>\n\t\t<\/div>\n\t\t\t\t<div class=\"elementor-column elementor-col-50 elementor-top-column elementor-element elementor-element-af6142e\" data-id=\"af6142e\" data-element_type=\"column\" data-e-type=\"column\">\n\t\t\t<div class=\"elementor-widget-wrap elementor-element-populated\">\n\t\t\t\t\t\t<div class=\"elementor-element elementor-element-16122a7 elementor-widget elementor-widget-heading\" data-id=\"16122a7\" data-element_type=\"widget\" data-e-type=\"widget\" data-widget_type=\"heading.default\">\n\t\t\t\t<div class=\"elementor-widget-container\">\n\t\t\t\t\t<h2 class=\"elementor-heading-title elementor-size-default\">Les avantages de la maison H\u00f4te Conception<\/h2>\t\t\t\t<\/div>\n\t\t\t\t<\/div>\n\t\t\t\t<div class=\"elementor-element elementor-element-9a5c30b elementor-icon-list--layout-traditional elementor-list-item-link-full_width elementor-widget elementor-widget-icon-list\" data-id=\"9a5c30b\" data-element_type=\"widget\" data-e-type=\"widget\" data-widget_type=\"icon-list.default\">\n\t\t\t\t<div class=\"elementor-widget-container\">\n\t\t\t\t\t\t\t<ul class=\"elementor-icon-list-items\">\n\t\t\t\t\t\t\t<li class=\"elementor-icon-list-item\">\n\t\t\t\t\t\t\t\t\t\t\t<span class=\"elementor-icon-list-icon\">\n\t\t\t\t\t\t\t<i aria-hidden=\"true\" class=\"fas fa-plus-circle\"><\/i>\t\t\t\t\t\t<\/span>\n\t\t\t\t\t\t\t\t\t\t<span class=\"elementor-icon-list-text\">Confort et qualit\u00e9 de vie permanents compar\u00e9 aux standards de  la profession (survie dans camion, cuisine pr\u00e9caire, ne peut recevoir, etc.)<\/span>\n\t\t\t\t\t\t\t\t\t<\/li>\n\t\t\t\t\t\t\t\t<li class=\"elementor-icon-list-item\">\n\t\t\t\t\t\t\t\t\t\t\t<span class=\"elementor-icon-list-icon\">\n\t\t\t\t\t\t\t<i aria-hidden=\"true\" class=\"fas fa-plus-circle\"><\/i>\t\t\t\t\t\t<\/span>\n\t\t\t\t\t\t\t\t\t\t<span class=\"elementor-icon-list-text\">Proximit\u00e9 avec le lieu d\u2019activit\u00e9<\/span>\n\t\t\t\t\t\t\t\t\t<\/li>\n\t\t\t\t\t\t\t\t<li class=\"elementor-icon-list-item\">\n\t\t\t\t\t\t\t\t\t\t\t<span class=\"elementor-icon-list-icon\">\n\t\t\t\t\t\t\t<i aria-hidden=\"true\" class=\"fas fa-plus-circle\"><\/i>\t\t\t\t\t\t<\/span>\n\t\t\t\t\t\t\t\t\t\t<span class=\"elementor-icon-list-text\">Gain de temps (pas de trajet pour arriver sur le lieu de travail)<\/span>\n\t\t\t\t\t\t\t\t\t<\/li>\n\t\t\t\t\t\t\t\t<li class=\"elementor-icon-list-item\">\n\t\t\t\t\t\t\t\t\t\t\t<span class=\"elementor-icon-list-icon\">\n\t\t\t\t\t\t\t<i aria-hidden=\"true\" class=\"fas fa-plus-circle\"><\/i>\t\t\t\t\t\t<\/span>\n\t\t\t\t\t\t\t\t\t\t<span class=\"elementor-icon-list-text\">Financement &lt; 400 \u20ac \/ mois par entreprise (Frais de vie)<\/span>\n\t\t\t\t\t\t\t\t\t<\/li>\n\t\t\t\t\t\t\t\t<li class=\"elementor-icon-list-item\">\n\t\t\t\t\t\t\t\t\t\t\t<span class=\"elementor-icon-list-icon\">\n\t\t\t\t\t\t\t<i aria-hidden=\"true\" class=\"fas fa-plus-circle\"><\/i>\t\t\t\t\t\t<\/span>\n\t\t\t\t\t\t\t\t\t\t<span class=\"elementor-icon-list-text\">Ind\u00e9pendance (cuisine, horaires libres, etc.)<\/span>\n\t\t\t\t\t\t\t\t\t<\/li>\n\t\t\t\t\t\t<\/ul>\n\t\t\t\t\t\t<\/div>\n\t\t\t\t<\/div>\n\t\t\t\t<div class=\"elementor-element elementor-element-5a58176 elementor-widget elementor-widget-spacer\" data-id=\"5a58176\" data-element_type=\"widget\" data-e-type=\"widget\" data-widget_type=\"spacer.default\">\n\t\t\t\t<div class=\"elementor-widget-container\">\n\t\t\t\t\t\t\t<div class=\"elementor-spacer\">\n\t\t\t<div class=\"elementor-spacer-inner\"><\/div>\n\t\t<\/div>\n\t\t\t\t\t\t<\/div>\n\t\t\t\t<\/div>\n\t\t\t\t\t<\/div>\n\t\t<\/div>\n\t\t\t\t\t<\/div>\n\t\t<\/section>\n\t\t\t\t<section class=\"elementor-section elementor-top-section elementor-element elementor-element-7c3ec57 elementor-section-full_width elementor-section-height-default elementor-section-height-default\" data-id=\"7c3ec57\" data-element_type=\"section\" data-e-type=\"section\">\n\t\t\t\t\t\t<div class=\"elementor-container elementor-column-gap-no\">\n\t\t\t\t\t<div class=\"elementor-column elementor-col-100 elementor-top-column elementor-element elementor-element-5157495\" data-id=\"5157495\" data-element_type=\"column\" data-e-type=\"column\">\n\t\t\t<div class=\"elementor-widget-wrap elementor-element-populated\">\n\t\t\t\t\t\t<div class=\"elementor-element elementor-element-acec5f4 elementor-widget elementor-widget-spacer\" data-id=\"acec5f4\" data-element_type=\"widget\" data-e-type=\"widget\" data-widget_type=\"spacer.default\">\n\t\t\t\t<div class=\"elementor-widget-container\">\n\t\t\t\t\t\t\t<div class=\"elementor-spacer\">\n\t\t\t<div class=\"elementor-spacer-inner\"><\/div>\n\t\t<\/div>\n\t\t\t\t\t\t<\/div>\n\t\t\t\t<\/div>\n\t\t\t\t<div class=\"elementor-element elementor-element-f7efb3d elementor-widget elementor-widget-larson-cf7-form\" data-id=\"f7efb3d\" data-element_type=\"widget\" data-e-type=\"widget\" data-widget_type=\"larson-cf7-form.default\">\n\t\t\t\t<div class=\"elementor-widget-container\">\n\t\t\t\t\t\n\t\t<div class=\"article__main container\">\n          <section class=\"article__feedback feedback\">\n          \t            <h2 class=\"feedback__heading heading\" data-aos=\"fade\">\n            \t<span >\n\t\t\t\t\tEspace \"Saisonniers\u00e9\t\t\t\t<\/span>\n            <\/h2>\n            \n                        \t\n<div class=\"wpcf7 no-js\" id=\"wpcf7-f1853-o1\" lang=\"en-US\" dir=\"ltr\" data-wpcf7-id=\"1853\">\n<div class=\"screen-reader-response\"><p role=\"status\" aria-live=\"polite\" aria-atomic=\"true\"><\/p> <ul><\/ul><\/div>\n<form action=\"\/index.php?rest_route=%2Fwp%2Fv2%2Fpages%2F1807#wpcf7-f1853-o1\" method=\"post\" class=\"wpcf7-form init\" aria-label=\"Contact form\" novalidate=\"novalidate\" data-status=\"init\">\n<div style=\"display: none;\">\n<input type=\"hidden\" name=\"_wpcf7\" value=\"1853\" \/>\n<input type=\"hidden\" name=\"_wpcf7_version\" value=\"6.0.6\" \/>\n<input type=\"hidden\" name=\"_wpcf7_locale\" value=\"en_US\" \/>\n<input type=\"hidden\" name=\"_wpcf7_unit_tag\" value=\"wpcf7-f1853-o1\" \/>\n<input type=\"hidden\" name=\"_wpcf7_container_post\" value=\"0\" \/>\n<input type=\"hidden\" name=\"_wpcf7_posted_data_hash\" value=\"\" \/>\n<\/div>\n<div class=\"row\">\n <div class=\"feedback__field-wrapper col-12 col-md-6 col-lg-6\" data-aos=\"fade\">\n  <label class=\"field\" aria-label=\"Nom \/ Pr\u00e9nom\">\n   <span class=\"wpcf7-form-control-wrap\" data-name=\"cf_name\"><input size=\"40\" maxlength=\"400\" class=\"wpcf7-form-control wpcf7-text wpcf7-validates-as-required\" aria-required=\"true\" aria-invalid=\"false\" placeholder=\"Nom \/ Pr\u00e9nom\" value=\"\" type=\"text\" name=\"cf_name\" \/><\/span>\n  <\/label>\n <\/div>\n <div class=\"feedback__field-wrapper col-12 col-md-6 col-lg-6\" data-aos=\"fade\">\n  <label class=\"field\" aria-label=\"Email\">\n   <span class=\"wpcf7-form-control-wrap\" data-name=\"cf_email\"><input size=\"40\" maxlength=\"400\" class=\"wpcf7-form-control wpcf7-email wpcf7-validates-as-required wpcf7-text wpcf7-validates-as-email\" aria-required=\"true\" aria-invalid=\"false\" placeholder=\"Email\" value=\"\" type=\"email\" name=\"cf_email\" \/><\/span>\n  <\/label>\n <\/div>\n<div class=\"feedback__field-wrapper col-12\" data-aos=\"fade\">\n<label class=\"field\" aria-label=\"T\u00e9l\u00e9phone\">\n   <span class=\"wpcf7-form-control-wrap\" data-name=\"cf_tel\"><input size=\"40\" maxlength=\"400\" class=\"wpcf7-form-control wpcf7-text wpcf7-validates-as-required\" aria-required=\"true\" aria-invalid=\"false\" placeholder=\"T\u00e9l\u00e9phone\" value=\"\" type=\"text\" name=\"cf_tel\" \/><\/span>\n  <\/label>\n<\/div>\n <div class=\"feedback__field-wrapper col-12\" data-aos=\"fade\">\n  <label class=\"field\" aria-label=\"message\">\n   <span class=\"wpcf7-form-control-wrap\" data-name=\"cf_message\"><textarea cols=\"40\" rows=\"10\" maxlength=\"2000\" class=\"wpcf7-form-control wpcf7-textarea wpcf7-validates-as-required\" aria-required=\"true\" aria-invalid=\"false\" placeholder=\"Message\" name=\"cf_message\"><\/textarea><\/span>\n  <\/label>\n <\/div>\n<\/div>\n<button class=\"btn\" type=\"submit\" data-aos=\"fade\">Envoyer<\/button><div class=\"wpcf7-response-output\" aria-hidden=\"true\"><\/div>\n<\/form>\n<\/div>\n                      <\/section>\n        <\/div>\n\n\t\t\t\t\t\t<\/div>\n\t\t\t\t<\/div>\n\t\t\t\t<div class=\"elementor-element elementor-element-176f90c elementor-widget elementor-widget-spacer\" data-id=\"176f90c\" data-element_type=\"widget\" data-e-type=\"widget\" data-widget_type=\"spacer.default\">\n\t\t\t\t<div class=\"elementor-widget-container\">\n\t\t\t\t\t\t\t<div class=\"elementor-spacer\">\n\t\t\t<div class=\"elementor-spacer-inner\"><\/div>\n\t\t<\/div>\n\t\t\t\t\t\t<\/div>\n\t\t\t\t<\/div>\n\t\t\t\t\t<\/div>\n\t\t<\/div>\n\t\t\t\t\t<\/div>\n\t\t<\/section>\n\t\t\t\t<\/div>\n\t\t","protected":false},"excerpt":{"rendered":"<p>SAISONNIERS Les avantages de la maison H\u00f4te Conception Confort et qualit\u00e9 de vie permanents compar\u00e9 aux standards de la profession (survie dans camion, cuisine pr\u00e9caire, ne peut recevoir, etc.) Proximit\u00e9 avec le lieu d\u2019activit\u00e9 Gain de temps (pas de trajet pour arriver sur le lieu de travail) Financement < 400... \n\n<div class=\"readmore\"><a href=\"https:\/\/hoteconception.com\/?page_id=1807\" class=\"btn-link\">Read more<\/a><\/div>\n","protected":false},"author":1,"featured_media":0,"parent":0,"menu_order":0,"comment_status":"closed","ping_status":"closed","template":"template-elementor-default.php","meta":{"ngg_post_thumbnail":0,"footnotes":""},"class_list":["post-1807","page","type-page","status-publish","hentry"],"acf":[],"yoast_head":"<!-- This site is optimized with the Yoast SEO plugin v23.4 - https:\/\/yoast.com\/wordpress\/plugins\/seo\/ -->\n<title>Saisonniers - H\u00f4te Conception<\/title>\n<meta name=\"robots\" content=\"index, follow, max-snippet:-1, max-image-preview:large, max-video-preview:-1\" \/>\n<link rel=\"canonical\" href=\"https:\/\/hoteconception.com\/?page_id=1807\" \/>\n<meta property=\"og:locale\" content=\"fr_FR\" \/>\n<meta property=\"og:type\" content=\"article\" \/>\n<meta property=\"og:title\" content=\"Saisonniers - H\u00f4te Conception\" \/>\n<meta property=\"og:description\" content=\"SAISONNIERS Les avantages de la maison H\u00f4te Conception Confort et qualit\u00e9 de vie permanents compar\u00e9 aux standards de la profession (survie dans camion, cuisine pr\u00e9caire, ne peut recevoir, etc.) Proximit\u00e9 avec le lieu d\u2019activit\u00e9 Gain de temps (pas de trajet pour arriver sur le lieu de travail) Financement &lt; 400... Read more\" \/>\n<meta property=\"og:url\" content=\"https:\/\/hoteconception.com\/?page_id=1807\" \/>\n<meta property=\"og:site_name\" content=\"H\u00f4te Conception\" \/>\n<meta property=\"article:modified_time\" content=\"2023-07-12T08:51:26+00:00\" \/>\n<meta property=\"og:image\" content=\"https:\/\/hoteconception.com\/wp-content\/uploads\/2023\/07\/Saisonniers-679x1024.jpg\" \/>\n<meta name=\"twitter:card\" content=\"summary_large_image\" \/>\n<script type=\"application\/ld+json\" class=\"yoast-schema-graph\">{\"@context\":\"https:\/\/schema.org\",\"@graph\":[{\"@type\":\"WebPage\",\"@id\":\"https:\/\/hoteconception.com\/?page_id=1807\",\"url\":\"https:\/\/hoteconception.com\/?page_id=1807\",\"name\":\"Saisonniers - H\u00f4te Conception\",\"isPartOf\":{\"@id\":\"https:\/\/hoteconception.com\/#website\"},\"primaryImageOfPage\":{\"@id\":\"https:\/\/hoteconception.com\/?page_id=1807#primaryimage\"},\"image\":{\"@id\":\"https:\/\/hoteconception.com\/?page_id=1807#primaryimage\"},\"thumbnailUrl\":\"https:\/\/hoteconception.com\/wp-content\/uploads\/2023\/07\/Saisonniers-679x1024.jpg\",\"datePublished\":\"2023-07-11T14:00:18+00:00\",\"dateModified\":\"2023-07-12T08:51:26+00:00\",\"breadcrumb\":{\"@id\":\"https:\/\/hoteconception.com\/?page_id=1807#breadcrumb\"},\"inLanguage\":\"fr-FR\",\"potentialAction\":[{\"@type\":\"ReadAction\",\"target\":[\"https:\/\/hoteconception.com\/?page_id=1807\"]}]},{\"@type\":\"ImageObject\",\"inLanguage\":\"fr-FR\",\"@id\":\"https:\/\/hoteconception.com\/?page_id=1807#primaryimage\",\"url\":\"https:\/\/hoteconception.com\/wp-content\/uploads\/2023\/07\/Saisonniers.jpg\",\"contentUrl\":\"https:\/\/hoteconception.com\/wp-content\/uploads\/2023\/07\/Saisonniers.jpg\",\"width\":1274,\"height\":1920,\"caption\":\"March\u00e9 des saisonniers\"},{\"@type\":\"BreadcrumbList\",\"@id\":\"https:\/\/hoteconception.com\/?page_id=1807#breadcrumb\",\"itemListElement\":[{\"@type\":\"ListItem\",\"position\":1,\"name\":\"Accueil\",\"item\":\"https:\/\/hoteconception.com\/\"},{\"@type\":\"ListItem\",\"position\":2,\"name\":\"Saisonniers\"}]},{\"@type\":\"WebSite\",\"@id\":\"https:\/\/hoteconception.com\/#website\",\"url\":\"https:\/\/hoteconception.com\/\",\"name\":\"H\u00f4te Conception\",\"description\":\"\",\"publisher\":{\"@id\":\"https:\/\/hoteconception.com\/#organization\"},\"potentialAction\":[{\"@type\":\"SearchAction\",\"target\":{\"@type\":\"EntryPoint\",\"urlTemplate\":\"https:\/\/hoteconception.com\/?s={search_term_string}\"},\"query-input\":{\"@type\":\"PropertyValueSpecification\",\"valueRequired\":true,\"valueName\":\"search_term_string\"}}],\"inLanguage\":\"fr-FR\"},{\"@type\":\"Organization\",\"@id\":\"https:\/\/hoteconception.com\/#organization\",\"name\":\"H\u00f4te Conception\",\"url\":\"https:\/\/hoteconception.com\/\",\"logo\":{\"@type\":\"ImageObject\",\"inLanguage\":\"fr-FR\",\"@id\":\"https:\/\/hoteconception.com\/#\/schema\/logo\/image\/\",\"url\":\"https:\/\/hoteconception.com\/wp-content\/uploads\/2021\/07\/LOGO-HOTE-CONCEPTION-HORIZONTAL.png\",\"contentUrl\":\"https:\/\/hoteconception.com\/wp-content\/uploads\/2021\/07\/LOGO-HOTE-CONCEPTION-HORIZONTAL.png\",\"width\":986,\"height\":328,\"caption\":\"H\u00f4te Conception\"},\"image\":{\"@id\":\"https:\/\/hoteconception.com\/#\/schema\/logo\/image\/\"},\"sameAs\":[\"https:\/\/www.instagram.com\/hoteconception\/\"]}]}<\/script>\n<!-- \/ Yoast SEO plugin. -->","yoast_head_json":{"title":"Saisonniers - H\u00f4te Conception","robots":{"index":"index","follow":"follow","max-snippet":"max-snippet:-1","max-image-preview":"max-image-preview:large","max-video-preview":"max-video-preview:-1"},"canonical":"https:\/\/hoteconception.com\/?page_id=1807","og_locale":"fr_FR","og_type":"article","og_title":"Saisonniers - H\u00f4te Conception","og_description":"SAISONNIERS Les avantages de la maison H\u00f4te Conception Confort et qualit\u00e9 de vie permanents compar\u00e9 aux standards de la profession (survie dans camion, cuisine pr\u00e9caire, ne peut recevoir, etc.) Proximit\u00e9 avec le lieu d\u2019activit\u00e9 Gain de temps (pas de trajet pour arriver sur le lieu de travail) Financement < 400... Read more","og_url":"https:\/\/hoteconception.com\/?page_id=1807","og_site_name":"H\u00f4te Conception","article_modified_time":"2023-07-12T08:51:26+00:00","og_image":[{"url":"https:\/\/hoteconception.com\/wp-content\/uploads\/2023\/07\/Saisonniers-679x1024.jpg"}],"twitter_card":"summary_large_image","schema":{"@context":"https:\/\/schema.org","@graph":[{"@type":"WebPage","@id":"https:\/\/hoteconception.com\/?page_id=1807","url":"https:\/\/hoteconception.com\/?page_id=1807","name":"Saisonniers - H\u00f4te Conception","isPartOf":{"@id":"https:\/\/hoteconception.com\/#website"},"primaryImageOfPage":{"@id":"https:\/\/hoteconception.com\/?page_id=1807#primaryimage"},"image":{"@id":"https:\/\/hoteconception.com\/?page_id=1807#primaryimage"},"thumbnailUrl":"https:\/\/hoteconception.com\/wp-content\/uploads\/2023\/07\/Saisonniers-679x1024.jpg","datePublished":"2023-07-11T14:00:18+00:00","dateModified":"2023-07-12T08:51:26+00:00","breadcrumb":{"@id":"https:\/\/hoteconception.com\/?page_id=1807#breadcrumb"},"inLanguage":"fr-FR","potentialAction":[{"@type":"ReadAction","target":["https:\/\/hoteconception.com\/?page_id=1807"]}]},{"@type":"ImageObject","inLanguage":"fr-FR","@id":"https:\/\/hoteconception.com\/?page_id=1807#primaryimage","url":"https:\/\/hoteconception.com\/wp-content\/uploads\/2023\/07\/Saisonniers.jpg","contentUrl":"https:\/\/hoteconception.com\/wp-content\/uploads\/2023\/07\/Saisonniers.jpg","width":1274,"height":1920,"caption":"March\u00e9 des saisonniers"},{"@type":"BreadcrumbList","@id":"https:\/\/hoteconception.com\/?page_id=1807#breadcrumb","itemListElement":[{"@type":"ListItem","position":1,"name":"Accueil","item":"https:\/\/hoteconception.com\/"},{"@type":"ListItem","position":2,"name":"Saisonniers"}]},{"@type":"WebSite","@id":"https:\/\/hoteconception.com\/#website","url":"https:\/\/hoteconception.com\/","name":"H\u00f4te Conception","description":"","publisher":{"@id":"https:\/\/hoteconception.com\/#organization"},"potentialAction":[{"@type":"SearchAction","target":{"@type":"EntryPoint","urlTemplate":"https:\/\/hoteconception.com\/?s={search_term_string}"},"query-input":{"@type":"PropertyValueSpecification","valueRequired":true,"valueName":"search_term_string"}}],"inLanguage":"fr-FR"},{"@type":"Organization","@id":"https:\/\/hoteconception.com\/#organization","name":"H\u00f4te Conception","url":"https:\/\/hoteconception.com\/","logo":{"@type":"ImageObject","inLanguage":"fr-FR","@id":"https:\/\/hoteconception.com\/#\/schema\/logo\/image\/","url":"https:\/\/hoteconception.com\/wp-content\/uploads\/2021\/07\/LOGO-HOTE-CONCEPTION-HORIZONTAL.png","contentUrl":"https:\/\/hoteconception.com\/wp-content\/uploads\/2021\/07\/LOGO-HOTE-CONCEPTION-HORIZONTAL.png","width":986,"height":328,"caption":"H\u00f4te Conception"},"image":{"@id":"https:\/\/hoteconception.com\/#\/schema\/logo\/image\/"},"sameAs":["https:\/\/www.instagram.com\/hoteconception\/"]}]}},"_links":{"self":[{"href":"https:\/\/hoteconception.com\/index.php?rest_route=\/wp\/v2\/pages\/1807"}],"collection":[{"href":"https:\/\/hoteconception.com\/index.php?rest_route=\/wp\/v2\/pages"}],"about":[{"href":"https:\/\/hoteconception.com\/index.php?rest_route=\/wp\/v2\/types\/page"}],"author":[{"embeddable":true,"href":"https:\/\/hoteconception.com\/index.php?rest_route=\/wp\/v2\/users\/1"}],"replies":[{"embeddable":true,"href":"https:\/\/hoteconception.com\/index.php?rest_route=%2Fwp%2Fv2%2Fcomments&post=1807"}],"version-history":[{"count":10,"href":"https:\/\/hoteconception.com\/index.php?rest_route=\/wp\/v2\/pages\/1807\/revisions"}],"predecessor-version":[{"id":1932,"href":"https:\/\/hoteconception.com\/index.php?rest_route=\/wp\/v2\/pages\/1807\/revisions\/1932"}],"wp:attachment":[{"href":"https:\/\/hoteconception.com\/index.php?rest_route=%2Fwp%2Fv2%2Fmedia&parent=1807"}],"curies":[{"name":"wp","href":"https:\/\/api.w.org\/{rel}","templated":true}]}}