{"id":246,"date":"2021-06-14T21:16:10","date_gmt":"2021-06-14T21:16:10","guid":{"rendered":"https:\/\/bslthemes.site\/larson\/?page_id=246"},"modified":"2023-09-04T08:43:36","modified_gmt":"2023-09-04T08:43:36","slug":"hote-conception","status":"publish","type":"page","link":"https:\/\/hoteconception.com\/?page_id=246","title":{"rendered":"H\u00f4te Conception"},"content":{"rendered":"\t\t<div data-elementor-type=\"wp-page\" data-elementor-id=\"246\" class=\"elementor elementor-246\">\n\t\t\t\t\t\t<section class=\"elementor-section elementor-top-section elementor-element elementor-element-a41e2b2 elementor-section-full_width elementor-section-height-default elementor-section-height-default\" data-id=\"a41e2b2\" data-element_type=\"section\" data-e-type=\"section\">\n\t\t\t\t\t\t<div class=\"elementor-container elementor-column-gap-no\">\n\t\t\t\t\t<div class=\"elementor-column elementor-col-100 elementor-top-column elementor-element elementor-element-97c067e\" data-id=\"97c067e\" data-element_type=\"column\" data-e-type=\"column\">\n\t\t\t<div class=\"elementor-widget-wrap elementor-element-populated\">\n\t\t\t\t\t\t<div class=\"elementor-element elementor-element-4f6d00e elementor-widget elementor-widget-larson-intro\" data-id=\"4f6d00e\" data-element_type=\"widget\" data-e-type=\"widget\" data-widget_type=\"larson-intro.default\">\n\t\t\t\t<div class=\"elementor-widget-container\">\n\t\t\t\t\t\n\t\t<article class=\"article\">\n\t        <header class=\"article__header\">\n\t          <div class=\"container\">\n\t            \t            <h1 class=\"article__heading heading heading--size-large\">\n\t            \t<span >\n\t\t\t\t\t\t<p>H\u00d4TE&nbsp;<span class=\"color-yellow\">CONCEPTION<\/span><\/p>\t\t\t\t\t<\/span>\n\t            <\/h1>\n\t            \t            \t          <\/div>\n\t        <\/header>\n\t        \t    <\/article>\n\n\t\t\t\t\t\t<\/div>\n\t\t\t\t<\/div>\n\t\t\t\t\t<\/div>\n\t\t<\/div>\n\t\t\t\t\t<\/div>\n\t\t<\/section>\n\t\t\t\t<section class=\"elementor-section elementor-top-section elementor-element elementor-element-4c57874 elementor-section-full_width elementor-section-height-default elementor-section-height-default\" data-id=\"4c57874\" data-element_type=\"section\" data-e-type=\"section\">\n\t\t\t\t\t\t<div class=\"elementor-container elementor-column-gap-no\">\n\t\t\t\t\t<div class=\"elementor-column elementor-col-100 elementor-top-column elementor-element elementor-element-362f2fe\" data-id=\"362f2fe\" data-element_type=\"column\" data-e-type=\"column\">\n\t\t\t<div class=\"elementor-widget-wrap elementor-element-populated\">\n\t\t\t\t\t\t<div class=\"elementor-element elementor-element-fae3345 elementor-widget elementor-widget-larson-about-description\" data-id=\"fae3345\" data-element_type=\"widget\" data-e-type=\"widget\" data-widget_type=\"larson-about-description.default\">\n\t\t\t\t<div class=\"elementor-widget-container\">\n\t\t\t\t\t\n\t\t<section class=\"webpage__about-block about-block about-block--columns\">\n          <div class=\"about-block__inner container\" data-number=\"01.\">\n                        <header class=\"about-block__header\" data-aos=\"fade\">\n              <h2 class=\"about-block__heading heading\">\n              \t<span >\n\t\t\t\t\tLE PROJET\t\t\t\t<\/span>\n              <\/h2>\n            <\/header>\n                                    <div class=\"about-block__main\">\n                            <div class=\"about-block__text\" data-aos=\"fade\">\n                <div >\n\t\t\t\t\t<p><strong>PERMETTRE L\u2019ACC\u00c8S A LA PROPRIETE AU PLUS GRAND NOMBRE, A UN MODE DE VIE CHOISI EN R\u00c9DUISANT DE 50% LA PART FINANCI\u00c8RE DEDI\u00c9E AU LOGEMENT<\/strong><span style=\"text-align: justify\">, <\/span><strong style=\"text-align: justify\">augmenter ainsi votre pouvoir d\u2019achat<\/strong><span style=\"text-align: justify\"> pour profiter de la vie pleinement.<\/span><\/p><p><strong>Promouvoir une autre fa\u00e7on d\u2019habiter sa r\u00e9sidence principale ou secondaire<\/strong><\/p><p>R\u00e9pondre aux probl\u00e9matiques actuelles:<\/p><ul><li>d\u2019\u00e9cologie, climat, \u00e9nergie..<\/li><li>de vieillissement de la population..<\/li><li>de cr\u00e9ation de d\u00e9veloppement d\u2019activit\u00e9s \u00e9conomiques, donc g\u00e9n\u00e9ratrice d\u2019emplois,<\/li><li>r\u00e9pondre au manque de logement,<\/li><li>etc.<\/li><\/ul>\t\t\t\t<\/div>\n              <\/div>\n                                        <\/div>\n                      <\/div>\n        <\/section>\n\n\t\t\t\t\t\t<\/div>\n\t\t\t\t<\/div>\n\t\t\t\t\t<\/div>\n\t\t<\/div>\n\t\t\t\t\t<\/div>\n\t\t<\/section>\n\t\t\t\t<section class=\"elementor-section elementor-top-section elementor-element elementor-element-7c3ec57 elementor-section-full_width elementor-section-height-default elementor-section-height-default\" data-id=\"7c3ec57\" data-element_type=\"section\" data-e-type=\"section\">\n\t\t\t\t\t\t<div class=\"elementor-container elementor-column-gap-no\">\n\t\t\t\t\t<div class=\"elementor-column elementor-col-100 elementor-top-column elementor-element elementor-element-5157495\" data-id=\"5157495\" data-element_type=\"column\" data-e-type=\"column\">\n\t\t\t<div class=\"elementor-widget-wrap elementor-element-populated\">\n\t\t\t\t\t\t<div class=\"elementor-element elementor-element-d31195f elementor-widget elementor-widget-larson-about-description\" data-id=\"d31195f\" data-element_type=\"widget\" data-e-type=\"widget\" data-widget_type=\"larson-about-description.default\">\n\t\t\t\t<div class=\"elementor-widget-container\">\n\t\t\t\t\t\n\t\t<section class=\"webpage__about-block about-block about-block--columns\">\n          <div class=\"about-block__inner container\" data-number=\"02.\">\n                        <header class=\"about-block__header\" data-aos=\"fade\">\n              <h2 class=\"about-block__heading heading\">\n              \t<span >\n\t\t\t\t\tEN COMPARAISON\t\t\t\t<\/span>\n              <\/h2>\n            <\/header>\n                                    <div class=\"about-block__main\">\n                            <div class=\"about-block__text\" data-aos=\"fade\">\n                <div >\n\t\t\t\t\t<table style=\"border-collapse: collapse;width: 100%\"><tbody><tr><td style=\"text-align: center;width: 50%;height: 50%\"><strong><span style=\"color: #7dba27\">AVANTAGES DE LA MAISON H\u00d4TE CONCEPTION<\/span><\/strong><\/td><td style=\"text-align: center;width: 50%;height: 50%\"><strong><span style=\"color: #7dba27\">INCONV\u00c9NIENTS DE LA MAISON TRADITIONNELLE<\/span><\/strong><\/td><\/tr><tr><td style=\"width: 50%;height: 50%;vertical-align: top\"><ul><li>Fabrication fran\u00e7aise<\/li><li>Propri\u00e9taire pour le prix d'un loyer<\/li><li>Suppression des charges<\/li><li>Construction mode passif<\/li><li>Construction \u00e0 \u00e9nergie positive<\/li><li>Totalement autonome<\/li><li>D\u00e9placement possible<\/li><li>D\u00e9lai de livraison tr\u00e8s rapide<\/li><\/ul><\/td><td style=\"width: 50%;height: 50%;vertical-align: top\"><ul><li>Prix \u00e9lev\u00e9<\/li><li>Empreinte \u00e9cologique importante<\/li><li>Achat terrain constructible obligatoire<\/li><li>Propri\u00e9taire au bout de 25 ou 30ans<\/li><li>D\u00e9pendance \u00e9nerg\u00e9tique<\/li><li>D\u00e9placement impossible<\/li><li>D\u00e9lai de livraison pouvant \u00eatre tr\u00e8s long<\/li><\/ul><\/td><\/tr><\/tbody><\/table>\t\t\t\t<\/div>\n              <\/div>\n                                        <\/div>\n                      <\/div>\n        <\/section>\n\n\t\t\t\t\t\t<\/div>\n\t\t\t\t<\/div>\n\t\t\t\t<div class=\"elementor-element elementor-element-11a2043 elementor-widget elementor-widget-spacer\" data-id=\"11a2043\" data-element_type=\"widget\" data-e-type=\"widget\" data-widget_type=\"spacer.default\">\n\t\t\t\t<div class=\"elementor-widget-container\">\n\t\t\t\t\t\t\t<div class=\"elementor-spacer\">\n\t\t\t<div class=\"elementor-spacer-inner\"><\/div>\n\t\t<\/div>\n\t\t\t\t\t\t<\/div>\n\t\t\t\t<\/div>\n\t\t\t\t\t<\/div>\n\t\t<\/div>\n\t\t\t\t\t<\/div>\n\t\t<\/section>\n\t\t\t\t<\/div>\n\t\t","protected":false},"excerpt":{"rendered":"<p>H\u00d4TE&nbsp;CONCEPTION LE PROJET PERMETTRE L\u2019ACC\u00c8S A LA PROPRIETE AU PLUS GRAND NOMBRE, A UN MODE DE VIE CHOISI EN R\u00c9DUISANT DE 50% LA PART FINANCI\u00c8RE DEDI\u00c9E AU LOGEMENT, augmenter ainsi votre pouvoir d\u2019achat pour profiter de la vie pleinement. Promouvoir une autre fa\u00e7on d\u2019habiter sa r\u00e9sidence principale ou secondaire R\u00e9pondre&#8230; <\/p>\n<div class=\"readmore\"><a href=\"https:\/\/hoteconception.com\/?page_id=246\" class=\"btn-link\">Read more<\/a><\/div>\n","protected":false},"author":1,"featured_media":0,"parent":0,"menu_order":0,"comment_status":"closed","ping_status":"closed","template":"template-elementor-default.php","meta":{"ngg_post_thumbnail":0,"footnotes":""},"class_list":["post-246","page","type-page","status-publish","hentry"],"acf":[],"yoast_head":"<!-- This site is optimized with the Yoast SEO plugin v23.4 - https:\/\/yoast.com\/wordpress\/plugins\/seo\/ -->\n<title>H\u00f4te Conception - H\u00f4te Conception<\/title>\n<meta name=\"robots\" content=\"index, follow, max-snippet:-1, max-image-preview:large, max-video-preview:-1\" \/>\n<link rel=\"canonical\" href=\"https:\/\/hoteconception.com\/?page_id=246\" \/>\n<meta property=\"og:locale\" content=\"fr_FR\" \/>\n<meta property=\"og:type\" content=\"article\" \/>\n<meta property=\"og:title\" content=\"H\u00f4te Conception - H\u00f4te Conception\" \/>\n<meta property=\"og:description\" content=\"H\u00d4TE&nbsp;CONCEPTION LE PROJET PERMETTRE L\u2019ACC\u00c8S A LA PROPRIETE AU PLUS GRAND NOMBRE, A UN MODE DE VIE CHOISI EN R\u00c9DUISANT DE 50% LA PART FINANCI\u00c8RE DEDI\u00c9E AU LOGEMENT, augmenter ainsi votre pouvoir d\u2019achat pour profiter de la vie pleinement. Promouvoir une autre fa\u00e7on d\u2019habiter sa r\u00e9sidence principale ou secondaire R\u00e9pondre... Read more\" \/>\n<meta property=\"og:url\" content=\"https:\/\/hoteconception.com\/?page_id=246\" \/>\n<meta property=\"og:site_name\" content=\"H\u00f4te Conception\" \/>\n<meta property=\"article:modified_time\" content=\"2023-09-04T08:43:36+00:00\" \/>\n<meta name=\"twitter:card\" content=\"summary_large_image\" \/>\n<meta name=\"twitter:label1\" content=\"Dur\u00e9e de lecture estim\u00e9e\" \/>\n\t<meta name=\"twitter:data1\" content=\"1 minute\" \/>\n<script type=\"application\/ld+json\" class=\"yoast-schema-graph\">{\"@context\":\"https:\/\/schema.org\",\"@graph\":[{\"@type\":\"WebPage\",\"@id\":\"https:\/\/hoteconception.com\/?page_id=246\",\"url\":\"https:\/\/hoteconception.com\/?page_id=246\",\"name\":\"H\u00f4te Conception - H\u00f4te Conception\",\"isPartOf\":{\"@id\":\"https:\/\/hoteconception.com\/#website\"},\"datePublished\":\"2021-06-14T21:16:10+00:00\",\"dateModified\":\"2023-09-04T08:43:36+00:00\",\"breadcrumb\":{\"@id\":\"https:\/\/hoteconception.com\/?page_id=246#breadcrumb\"},\"inLanguage\":\"fr-FR\",\"potentialAction\":[{\"@type\":\"ReadAction\",\"target\":[\"https:\/\/hoteconception.com\/?page_id=246\"]}]},{\"@type\":\"BreadcrumbList\",\"@id\":\"https:\/\/hoteconception.com\/?page_id=246#breadcrumb\",\"itemListElement\":[{\"@type\":\"ListItem\",\"position\":1,\"name\":\"Accueil\",\"item\":\"https:\/\/hoteconception.com\/\"},{\"@type\":\"ListItem\",\"position\":2,\"name\":\"H\u00f4te Conception\"}]},{\"@type\":\"WebSite\",\"@id\":\"https:\/\/hoteconception.com\/#website\",\"url\":\"https:\/\/hoteconception.com\/\",\"name\":\"H\u00f4te Conception\",\"description\":\"\",\"publisher\":{\"@id\":\"https:\/\/hoteconception.com\/#organization\"},\"potentialAction\":[{\"@type\":\"SearchAction\",\"target\":{\"@type\":\"EntryPoint\",\"urlTemplate\":\"https:\/\/hoteconception.com\/?s={search_term_string}\"},\"query-input\":{\"@type\":\"PropertyValueSpecification\",\"valueRequired\":true,\"valueName\":\"search_term_string\"}}],\"inLanguage\":\"fr-FR\"},{\"@type\":\"Organization\",\"@id\":\"https:\/\/hoteconception.com\/#organization\",\"name\":\"H\u00f4te Conception\",\"url\":\"https:\/\/hoteconception.com\/\",\"logo\":{\"@type\":\"ImageObject\",\"inLanguage\":\"fr-FR\",\"@id\":\"https:\/\/hoteconception.com\/#\/schema\/logo\/image\/\",\"url\":\"https:\/\/hoteconception.com\/wp-content\/uploads\/2021\/07\/LOGO-HOTE-CONCEPTION-HORIZONTAL.png\",\"contentUrl\":\"https:\/\/hoteconception.com\/wp-content\/uploads\/2021\/07\/LOGO-HOTE-CONCEPTION-HORIZONTAL.png\",\"width\":986,\"height\":328,\"caption\":\"H\u00f4te Conception\"},\"image\":{\"@id\":\"https:\/\/hoteconception.com\/#\/schema\/logo\/image\/\"},\"sameAs\":[\"https:\/\/www.instagram.com\/hoteconception\/\"]}]}<\/script>\n<!-- \/ Yoast SEO plugin. -->","yoast_head_json":{"title":"H\u00f4te Conception - H\u00f4te Conception","robots":{"index":"index","follow":"follow","max-snippet":"max-snippet:-1","max-image-preview":"max-image-preview:large","max-video-preview":"max-video-preview:-1"},"canonical":"https:\/\/hoteconception.com\/?page_id=246","og_locale":"fr_FR","og_type":"article","og_title":"H\u00f4te Conception - H\u00f4te Conception","og_description":"H\u00d4TE&nbsp;CONCEPTION LE PROJET PERMETTRE L\u2019ACC\u00c8S A LA PROPRIETE AU PLUS GRAND NOMBRE, A UN MODE DE VIE CHOISI EN R\u00c9DUISANT DE 50% LA PART FINANCI\u00c8RE DEDI\u00c9E AU LOGEMENT, augmenter ainsi votre pouvoir d\u2019achat pour profiter de la vie pleinement. Promouvoir une autre fa\u00e7on d\u2019habiter sa r\u00e9sidence principale ou secondaire R\u00e9pondre... Read more","og_url":"https:\/\/hoteconception.com\/?page_id=246","og_site_name":"H\u00f4te Conception","article_modified_time":"2023-09-04T08:43:36+00:00","twitter_card":"summary_large_image","twitter_misc":{"Dur\u00e9e de lecture estim\u00e9e":"1 minute"},"schema":{"@context":"https:\/\/schema.org","@graph":[{"@type":"WebPage","@id":"https:\/\/hoteconception.com\/?page_id=246","url":"https:\/\/hoteconception.com\/?page_id=246","name":"H\u00f4te Conception - H\u00f4te Conception","isPartOf":{"@id":"https:\/\/hoteconception.com\/#website"},"datePublished":"2021-06-14T21:16:10+00:00","dateModified":"2023-09-04T08:43:36+00:00","breadcrumb":{"@id":"https:\/\/hoteconception.com\/?page_id=246#breadcrumb"},"inLanguage":"fr-FR","potentialAction":[{"@type":"ReadAction","target":["https:\/\/hoteconception.com\/?page_id=246"]}]},{"@type":"BreadcrumbList","@id":"https:\/\/hoteconception.com\/?page_id=246#breadcrumb","itemListElement":[{"@type":"ListItem","position":1,"name":"Accueil","item":"https:\/\/hoteconception.com\/"},{"@type":"ListItem","position":2,"name":"H\u00f4te Conception"}]},{"@type":"WebSite","@id":"https:\/\/hoteconception.com\/#website","url":"https:\/\/hoteconception.com\/","name":"H\u00f4te Conception","description":"","publisher":{"@id":"https:\/\/hoteconception.com\/#organization"},"potentialAction":[{"@type":"SearchAction","target":{"@type":"EntryPoint","urlTemplate":"https:\/\/hoteconception.com\/?s={search_term_string}"},"query-input":{"@type":"PropertyValueSpecification","valueRequired":true,"valueName":"search_term_string"}}],"inLanguage":"fr-FR"},{"@type":"Organization","@id":"https:\/\/hoteconception.com\/#organization","name":"H\u00f4te Conception","url":"https:\/\/hoteconception.com\/","logo":{"@type":"ImageObject","inLanguage":"fr-FR","@id":"https:\/\/hoteconception.com\/#\/schema\/logo\/image\/","url":"https:\/\/hoteconception.com\/wp-content\/uploads\/2021\/07\/LOGO-HOTE-CONCEPTION-HORIZONTAL.png","contentUrl":"https:\/\/hoteconception.com\/wp-content\/uploads\/2021\/07\/LOGO-HOTE-CONCEPTION-HORIZONTAL.png","width":986,"height":328,"caption":"H\u00f4te Conception"},"image":{"@id":"https:\/\/hoteconception.com\/#\/schema\/logo\/image\/"},"sameAs":["https:\/\/www.instagram.com\/hoteconception\/"]}]}},"_links":{"self":[{"href":"https:\/\/hoteconception.com\/index.php?rest_route=\/wp\/v2\/pages\/246"}],"collection":[{"href":"https:\/\/hoteconception.com\/index.php?rest_route=\/wp\/v2\/pages"}],"about":[{"href":"https:\/\/hoteconception.com\/index.php?rest_route=\/wp\/v2\/types\/page"}],"author":[{"embeddable":true,"href":"https:\/\/hoteconception.com\/index.php?rest_route=\/wp\/v2\/users\/1"}],"replies":[{"embeddable":true,"href":"https:\/\/hoteconception.com\/index.php?rest_route=%2Fwp%2Fv2%2Fcomments&post=246"}],"version-history":[{"count":35,"href":"https:\/\/hoteconception.com\/index.php?rest_route=\/wp\/v2\/pages\/246\/revisions"}],"predecessor-version":[{"id":2324,"href":"https:\/\/hoteconception.com\/index.php?rest_route=\/wp\/v2\/pages\/246\/revisions\/2324"}],"wp:attachment":[{"href":"https:\/\/hoteconception.com\/index.php?rest_route=%2Fwp%2Fv2%2Fmedia&parent=246"}],"curies":[{"name":"wp","href":"https:\/\/api.w.org\/{rel}","templated":true}]}}