{"id":368,"date":"2021-06-17T11:31:47","date_gmt":"2021-06-17T11:31:47","guid":{"rendered":"https:\/\/bslthemes.site\/larson\/?page_id=368"},"modified":"2024-12-23T08:51:25","modified_gmt":"2024-12-23T08:51:25","slug":"contact","status":"publish","type":"page","link":"https:\/\/hoteconception.com\/?page_id=368","title":{"rendered":"Contact"},"content":{"rendered":"\t\t<div data-elementor-type=\"wp-page\" data-elementor-id=\"368\" class=\"elementor elementor-368\">\n\t\t\t\t\t\t<section class=\"elementor-section elementor-top-section elementor-element elementor-element-a41e2b2 elementor-section-full_width elementor-section-height-default elementor-section-height-default\" data-id=\"a41e2b2\" data-element_type=\"section\" data-e-type=\"section\">\n\t\t\t\t\t\t<div class=\"elementor-container elementor-column-gap-no\">\n\t\t\t\t\t<div class=\"elementor-column elementor-col-100 elementor-top-column elementor-element elementor-element-97c067e\" data-id=\"97c067e\" data-element_type=\"column\" data-e-type=\"column\">\n\t\t\t<div class=\"elementor-widget-wrap elementor-element-populated\">\n\t\t\t\t\t\t<div class=\"elementor-element elementor-element-4f6d00e elementor-widget elementor-widget-larson-intro\" data-id=\"4f6d00e\" data-element_type=\"widget\" data-e-type=\"widget\" data-widget_type=\"larson-intro.default\">\n\t\t\t\t<div class=\"elementor-widget-container\">\n\t\t\t\t\t\n\t\t<article class=\"article\">\n\t        <header class=\"article__header\">\n\t          <div class=\"container\">\n\t            \t            <h1 class=\"article__heading heading heading--size-large\">\n\t            \t<span >\n\t\t\t\t\t\tContact\t\t\t\t\t<\/span>\n\t            <\/h1>\n\t            \t            \t          <\/div>\n\t        <\/header>\n\t        \t    <\/article>\n\n\t\t\t\t\t\t<\/div>\n\t\t\t\t<\/div>\n\t\t\t\t\t<\/div>\n\t\t<\/div>\n\t\t\t\t\t<\/div>\n\t\t<\/section>\n\t\t\t\t<section class=\"elementor-section elementor-top-section elementor-element elementor-element-d46eaa0 elementor-section-boxed elementor-section-height-default elementor-section-height-default\" data-id=\"d46eaa0\" data-element_type=\"section\" data-e-type=\"section\">\n\t\t\t\t\t\t<div class=\"elementor-container elementor-column-gap-no\">\n\t\t\t\t\t<div class=\"elementor-column elementor-col-100 elementor-top-column elementor-element elementor-element-01fa2d2\" data-id=\"01fa2d2\" data-element_type=\"column\" data-e-type=\"column\">\n\t\t\t<div class=\"elementor-widget-wrap elementor-element-populated\">\n\t\t\t\t\t\t<div class=\"elementor-element elementor-element-649013d elementor-widget elementor-widget-larson-cf7-form\" data-id=\"649013d\" data-element_type=\"widget\" data-e-type=\"widget\" data-widget_type=\"larson-cf7-form.default\">\n\t\t\t\t<div class=\"elementor-widget-container\">\n\t\t\t\t\t\n\t\t<div class=\"article__main container\">\n          <section class=\"article__feedback feedback\">\n          \t            <h2 class=\"feedback__heading heading\" data-aos=\"fade\">\n            \t<span >\n\t\t\t\t\tContactez-<span class=\"color-yellow\">nous<\/span> au 06 68 99 55 56 ou par mail\t\t\t\t<\/span>\n            <\/h2>\n            \n                        \t\n<div class=\"wpcf7 no-js\" id=\"wpcf7-f11-o1\" lang=\"en-US\" dir=\"ltr\" data-wpcf7-id=\"11\">\n<div class=\"screen-reader-response\"><p role=\"status\" aria-live=\"polite\" aria-atomic=\"true\"><\/p> <ul><\/ul><\/div>\n<form action=\"\/index.php?rest_route=%2Fwp%2Fv2%2Fpages%2F368#wpcf7-f11-o1\" method=\"post\" class=\"wpcf7-form init\" aria-label=\"Contact form\" novalidate=\"novalidate\" data-status=\"init\">\n<div style=\"display: none;\">\n<input type=\"hidden\" name=\"_wpcf7\" value=\"11\" \/>\n<input type=\"hidden\" name=\"_wpcf7_version\" value=\"6.0.6\" \/>\n<input type=\"hidden\" name=\"_wpcf7_locale\" value=\"en_US\" \/>\n<input type=\"hidden\" name=\"_wpcf7_unit_tag\" value=\"wpcf7-f11-o1\" \/>\n<input type=\"hidden\" name=\"_wpcf7_container_post\" value=\"0\" \/>\n<input type=\"hidden\" name=\"_wpcf7_posted_data_hash\" value=\"\" \/>\n<\/div>\n<div class=\"row\">\n <div class=\"feedback__field-wrapper col-12 col-md-6 col-lg-6\" data-aos=\"fade\">\n  <label class=\"field\" aria-label=\"Nom \/ Pr\u00e9nom\">\n   <span class=\"wpcf7-form-control-wrap\" data-name=\"cf_name\"><input size=\"40\" maxlength=\"400\" class=\"wpcf7-form-control wpcf7-text wpcf7-validates-as-required\" aria-required=\"true\" aria-invalid=\"false\" placeholder=\"Nom \/ Pr\u00e9nom\" value=\"\" type=\"text\" name=\"cf_name\" \/><\/span>\n  <\/label>\n <\/div>\n <div class=\"feedback__field-wrapper col-12 col-md-6 col-lg-6\" data-aos=\"fade\">\n  <label class=\"field\" aria-label=\"Email\">\n   <span class=\"wpcf7-form-control-wrap\" data-name=\"cf_email\"><input size=\"40\" maxlength=\"400\" class=\"wpcf7-form-control wpcf7-email wpcf7-validates-as-required wpcf7-text wpcf7-validates-as-email\" aria-required=\"true\" aria-invalid=\"false\" placeholder=\"Email\" value=\"\" type=\"email\" name=\"cf_email\" \/><\/span>\n  <\/label>\n <\/div>\n<div class=\"feedback__field-wrapper col-12\" data-aos=\"fade\">\n<label class=\"field\" aria-label=\"T\u00e9l\u00e9phone\">\n   <span class=\"wpcf7-form-control-wrap\" data-name=\"cf_tel\"><input size=\"40\" maxlength=\"400\" class=\"wpcf7-form-control wpcf7-text wpcf7-validates-as-required\" aria-required=\"true\" aria-invalid=\"false\" placeholder=\"T\u00e9l\u00e9phone\" value=\"\" type=\"text\" name=\"cf_tel\" \/><\/span>\n  <\/label>\n<\/div>\n<div class=\"feedback__field-wrapper col-12\" data-aos=\"fade\"> \n<span class=\"wpcf7-form-control-wrap\" data-name=\"Quitesvous\"><select class=\"wpcf7-form-control wpcf7-select wpcf7-validates-as-required\" aria-required=\"true\" aria-invalid=\"false\" name=\"Quitesvous\"><option value=\"Qui \u00eates-vous ?\">Qui \u00eates-vous ?<\/option><option value=\"Particuliers\">Particuliers<\/option><option value=\"Maison d&#039;h\u00f4te\">Maison d&#039;h\u00f4te<\/option><option value=\"S\u00e9nior\">S\u00e9nior<\/option><option value=\"Etudiant\">Etudiant<\/option><option value=\"Camping\">Camping<\/option><option value=\"Saisonnier\">Saisonnier<\/option><option value=\"Professionnel\">Professionnel<\/option><option value=\"Travailleur en d\u00e9placement\">Travailleur en d\u00e9placement<\/option><\/select><\/span>\n<\/div>\n <div class=\"feedback__field-wrapper col-12\" data-aos=\"fade\">\n  <label class=\"field\" aria-label=\"message\">\n   <span class=\"wpcf7-form-control-wrap\" data-name=\"cf_message\"><textarea cols=\"40\" rows=\"10\" maxlength=\"2000\" class=\"wpcf7-form-control wpcf7-textarea wpcf7-validates-as-required\" aria-required=\"true\" aria-invalid=\"false\" placeholder=\"Message\" name=\"cf_message\"><\/textarea><\/span>\n  <\/label>\n <\/div>\n<\/div>\n<button class=\"btn\" type=\"submit\" data-aos=\"fade\">Envoyer<\/button><div class=\"wpcf7-response-output\" aria-hidden=\"true\"><\/div>\n<\/form>\n<\/div>\n                      <\/section>\n        <\/div>\n\n\t\t\t\t\t\t<\/div>\n\t\t\t\t<\/div>\n\t\t\t\t<div class=\"elementor-element elementor-element-1070742 elementor-widget elementor-widget-spacer\" data-id=\"1070742\" data-element_type=\"widget\" data-e-type=\"widget\" data-widget_type=\"spacer.default\">\n\t\t\t\t<div class=\"elementor-widget-container\">\n\t\t\t\t\t\t\t<div class=\"elementor-spacer\">\n\t\t\t<div class=\"elementor-spacer-inner\"><\/div>\n\t\t<\/div>\n\t\t\t\t\t\t<\/div>\n\t\t\t\t<\/div>\n\t\t\t\t<div class=\"elementor-element elementor-element-ab22865 elementor-widget elementor-widget-html\" data-id=\"ab22865\" data-element_type=\"widget\" data-e-type=\"widget\" data-widget_type=\"html.default\">\n\t\t\t\t<div class=\"elementor-widget-container\">\n\t\t\t\t\t<iframe src=\"https:\/\/www.google.com\/maps\/embed?pb=!1m18!1m12!1m3!1d1845.5964959879816!2d4.37324599895803!3d49.14234100430008!2m3!1f0!2f0!3f0!3m2!1i1024!2i768!4f13.1!3m3!1m2!1s0x47ebd7a2c622721f%3A0x309540521eb52b04!2s13%20Rue%20du%20Tumoy%2C%2051400%20Mourmelon-le-Grand!5e0!3m2!1sfr!2sfr!4v1693924208664!5m2!1sfr!2sfr\" width=\"600\" height=\"450\" style=\"border:0;\" allowfullscreen=\"\" loading=\"lazy\" referrerpolicy=\"no-referrer-when-downgrade\"><\/iframe>\t\t\t\t<\/div>\n\t\t\t\t<\/div>\n\t\t\t\t<div class=\"elementor-element elementor-element-912da54 elementor-widget elementor-widget-spacer\" data-id=\"912da54\" data-element_type=\"widget\" data-e-type=\"widget\" data-widget_type=\"spacer.default\">\n\t\t\t\t<div class=\"elementor-widget-container\">\n\t\t\t\t\t\t\t<div class=\"elementor-spacer\">\n\t\t\t<div class=\"elementor-spacer-inner\"><\/div>\n\t\t<\/div>\n\t\t\t\t\t\t<\/div>\n\t\t\t\t<\/div>\n\t\t\t\t\t<\/div>\n\t\t<\/div>\n\t\t\t\t\t<\/div>\n\t\t<\/section>\n\t\t\t\t<\/div>\n\t\t","protected":false},"excerpt":{"rendered":"<p>Contact Contactez-nous au 06 68 99 55 56 ou par mail Qui \u00eates-vous ?ParticuliersMaison d&#039;h\u00f4teS\u00e9niorEtudiantCampingSaisonnierProfessionnelTravailleur en d\u00e9placement Envoyer<\/p>\n","protected":false},"author":1,"featured_media":0,"parent":0,"menu_order":0,"comment_status":"closed","ping_status":"closed","template":"template-elementor-default.php","meta":{"ngg_post_thumbnail":0,"footnotes":""},"class_list":["post-368","page","type-page","status-publish","hentry"],"acf":[],"yoast_head":"<!-- This site is optimized with the Yoast SEO plugin v23.4 - https:\/\/yoast.com\/wordpress\/plugins\/seo\/ -->\n<title>Contact - H\u00f4te Conception<\/title>\n<meta name=\"robots\" content=\"index, follow, max-snippet:-1, max-image-preview:large, max-video-preview:-1\" \/>\n<link rel=\"canonical\" href=\"https:\/\/hoteconception.com\/?page_id=368\" \/>\n<meta property=\"og:locale\" content=\"fr_FR\" \/>\n<meta property=\"og:type\" content=\"article\" \/>\n<meta property=\"og:title\" content=\"Contact - H\u00f4te Conception\" \/>\n<meta property=\"og:description\" content=\"Contact Contactez-nous au 06 68 99 55 56 ou par mail Qui \u00eates-vous ?ParticuliersMaison d&#039;h\u00f4teS\u00e9niorEtudiantCampingSaisonnierProfessionnelTravailleur en d\u00e9placement Envoyer\" \/>\n<meta property=\"og:url\" content=\"https:\/\/hoteconception.com\/?page_id=368\" \/>\n<meta property=\"og:site_name\" content=\"H\u00f4te Conception\" \/>\n<meta property=\"article:modified_time\" content=\"2024-12-23T08:51:25+00:00\" \/>\n<meta name=\"twitter:card\" content=\"summary_large_image\" \/>\n<meta name=\"twitter:label1\" content=\"Dur\u00e9e de lecture estim\u00e9e\" \/>\n\t<meta name=\"twitter:data1\" content=\"1 minute\" \/>\n<script type=\"application\/ld+json\" class=\"yoast-schema-graph\">{\"@context\":\"https:\/\/schema.org\",\"@graph\":[{\"@type\":\"WebPage\",\"@id\":\"https:\/\/hoteconception.com\/?page_id=368\",\"url\":\"https:\/\/hoteconception.com\/?page_id=368\",\"name\":\"Contact - H\u00f4te Conception\",\"isPartOf\":{\"@id\":\"https:\/\/hoteconception.com\/#website\"},\"datePublished\":\"2021-06-17T11:31:47+00:00\",\"dateModified\":\"2024-12-23T08:51:25+00:00\",\"breadcrumb\":{\"@id\":\"https:\/\/hoteconception.com\/?page_id=368#breadcrumb\"},\"inLanguage\":\"fr-FR\",\"potentialAction\":[{\"@type\":\"ReadAction\",\"target\":[\"https:\/\/hoteconception.com\/?page_id=368\"]}]},{\"@type\":\"BreadcrumbList\",\"@id\":\"https:\/\/hoteconception.com\/?page_id=368#breadcrumb\",\"itemListElement\":[{\"@type\":\"ListItem\",\"position\":1,\"name\":\"Accueil\",\"item\":\"https:\/\/hoteconception.com\/\"},{\"@type\":\"ListItem\",\"position\":2,\"name\":\"Contact\"}]},{\"@type\":\"WebSite\",\"@id\":\"https:\/\/hoteconception.com\/#website\",\"url\":\"https:\/\/hoteconception.com\/\",\"name\":\"H\u00f4te Conception\",\"description\":\"\",\"publisher\":{\"@id\":\"https:\/\/hoteconception.com\/#organization\"},\"potentialAction\":[{\"@type\":\"SearchAction\",\"target\":{\"@type\":\"EntryPoint\",\"urlTemplate\":\"https:\/\/hoteconception.com\/?s={search_term_string}\"},\"query-input\":{\"@type\":\"PropertyValueSpecification\",\"valueRequired\":true,\"valueName\":\"search_term_string\"}}],\"inLanguage\":\"fr-FR\"},{\"@type\":\"Organization\",\"@id\":\"https:\/\/hoteconception.com\/#organization\",\"name\":\"H\u00f4te Conception\",\"url\":\"https:\/\/hoteconception.com\/\",\"logo\":{\"@type\":\"ImageObject\",\"inLanguage\":\"fr-FR\",\"@id\":\"https:\/\/hoteconception.com\/#\/schema\/logo\/image\/\",\"url\":\"https:\/\/hoteconception.com\/wp-content\/uploads\/2021\/07\/LOGO-HOTE-CONCEPTION-HORIZONTAL.png\",\"contentUrl\":\"https:\/\/hoteconception.com\/wp-content\/uploads\/2021\/07\/LOGO-HOTE-CONCEPTION-HORIZONTAL.png\",\"width\":986,\"height\":328,\"caption\":\"H\u00f4te Conception\"},\"image\":{\"@id\":\"https:\/\/hoteconception.com\/#\/schema\/logo\/image\/\"},\"sameAs\":[\"https:\/\/www.instagram.com\/hoteconception\/\"]}]}<\/script>\n<!-- \/ Yoast SEO plugin. -->","yoast_head_json":{"title":"Contact - H\u00f4te Conception","robots":{"index":"index","follow":"follow","max-snippet":"max-snippet:-1","max-image-preview":"max-image-preview:large","max-video-preview":"max-video-preview:-1"},"canonical":"https:\/\/hoteconception.com\/?page_id=368","og_locale":"fr_FR","og_type":"article","og_title":"Contact - H\u00f4te Conception","og_description":"Contact Contactez-nous au 06 68 99 55 56 ou par mail Qui \u00eates-vous ?ParticuliersMaison d&#039;h\u00f4teS\u00e9niorEtudiantCampingSaisonnierProfessionnelTravailleur en d\u00e9placement Envoyer","og_url":"https:\/\/hoteconception.com\/?page_id=368","og_site_name":"H\u00f4te Conception","article_modified_time":"2024-12-23T08:51:25+00:00","twitter_card":"summary_large_image","twitter_misc":{"Dur\u00e9e de lecture estim\u00e9e":"1 minute"},"schema":{"@context":"https:\/\/schema.org","@graph":[{"@type":"WebPage","@id":"https:\/\/hoteconception.com\/?page_id=368","url":"https:\/\/hoteconception.com\/?page_id=368","name":"Contact - H\u00f4te Conception","isPartOf":{"@id":"https:\/\/hoteconception.com\/#website"},"datePublished":"2021-06-17T11:31:47+00:00","dateModified":"2024-12-23T08:51:25+00:00","breadcrumb":{"@id":"https:\/\/hoteconception.com\/?page_id=368#breadcrumb"},"inLanguage":"fr-FR","potentialAction":[{"@type":"ReadAction","target":["https:\/\/hoteconception.com\/?page_id=368"]}]},{"@type":"BreadcrumbList","@id":"https:\/\/hoteconception.com\/?page_id=368#breadcrumb","itemListElement":[{"@type":"ListItem","position":1,"name":"Accueil","item":"https:\/\/hoteconception.com\/"},{"@type":"ListItem","position":2,"name":"Contact"}]},{"@type":"WebSite","@id":"https:\/\/hoteconception.com\/#website","url":"https:\/\/hoteconception.com\/","name":"H\u00f4te Conception","description":"","publisher":{"@id":"https:\/\/hoteconception.com\/#organization"},"potentialAction":[{"@type":"SearchAction","target":{"@type":"EntryPoint","urlTemplate":"https:\/\/hoteconception.com\/?s={search_term_string}"},"query-input":{"@type":"PropertyValueSpecification","valueRequired":true,"valueName":"search_term_string"}}],"inLanguage":"fr-FR"},{"@type":"Organization","@id":"https:\/\/hoteconception.com\/#organization","name":"H\u00f4te Conception","url":"https:\/\/hoteconception.com\/","logo":{"@type":"ImageObject","inLanguage":"fr-FR","@id":"https:\/\/hoteconception.com\/#\/schema\/logo\/image\/","url":"https:\/\/hoteconception.com\/wp-content\/uploads\/2021\/07\/LOGO-HOTE-CONCEPTION-HORIZONTAL.png","contentUrl":"https:\/\/hoteconception.com\/wp-content\/uploads\/2021\/07\/LOGO-HOTE-CONCEPTION-HORIZONTAL.png","width":986,"height":328,"caption":"H\u00f4te Conception"},"image":{"@id":"https:\/\/hoteconception.com\/#\/schema\/logo\/image\/"},"sameAs":["https:\/\/www.instagram.com\/hoteconception\/"]}]}},"_links":{"self":[{"href":"https:\/\/hoteconception.com\/index.php?rest_route=\/wp\/v2\/pages\/368"}],"collection":[{"href":"https:\/\/hoteconception.com\/index.php?rest_route=\/wp\/v2\/pages"}],"about":[{"href":"https:\/\/hoteconception.com\/index.php?rest_route=\/wp\/v2\/types\/page"}],"author":[{"embeddable":true,"href":"https:\/\/hoteconception.com\/index.php?rest_route=\/wp\/v2\/users\/1"}],"replies":[{"embeddable":true,"href":"https:\/\/hoteconception.com\/index.php?rest_route=%2Fwp%2Fv2%2Fcomments&post=368"}],"version-history":[{"count":21,"href":"https:\/\/hoteconception.com\/index.php?rest_route=\/wp\/v2\/pages\/368\/revisions"}],"predecessor-version":[{"id":2480,"href":"https:\/\/hoteconception.com\/index.php?rest_route=\/wp\/v2\/pages\/368\/revisions\/2480"}],"wp:attachment":[{"href":"https:\/\/hoteconception.com\/index.php?rest_route=%2Fwp%2Fv2%2Fmedia&parent=368"}],"curies":[{"name":"wp","href":"https:\/\/api.w.org\/{rel}","templated":true}]}}